{"id":6,"date":"2020-03-09T11:03:34","date_gmt":"2020-03-09T10:03:34","guid":{"rendered":"http:\/\/linemagnen.com\/?page_id=6"},"modified":"2025-07-14T17:21:47","modified_gmt":"2025-07-14T15:21:47","slug":"accueil","status":"publish","type":"page","link":"https:\/\/linemagnen.com\/","title":{"rendered":"ACCUEIL"},"content":{"rendered":"<p>[et_pb_section fb_built=\u00a0\u00bb1&Prime; _builder_version=\u00a0\u00bb4.4.0&Prime;][et_pb_row _builder_version=\u00a0\u00bb4.9.4&Prime; _module_preset=\u00a0\u00bbdefault\u00a0\u00bb][et_pb_column type=\u00a0\u00bb4_4&Prime; _builder_version=\u00a0\u00bb4.9.4&Prime; _module_preset=\u00a0\u00bbdefault\u00a0\u00bb][et_pb_text _builder_version=\u00a0\u00bb4.9.4&Prime; custom_padding=\u00a0\u00bb0px|||||\u00a0\u00bb]<\/p>\n<h1 style=\"text-align: center;\"><strong><span style=\"color: #3366ff;\">\u00a0 SOPHROLOGIE ASSO 76-27 ROUEN<\/span><\/strong><\/h1>\n<h2 style=\"text-align: center;\"><strong><span style=\"color: #3366ff;\">\u00a0 \u00a0SEANCES COLLECTIVES DE SOPHROLOGIE\u00a0<\/span><\/strong><\/h2>\n<p><strong><span style=\"color: #3366ff;\"><\/span><\/strong><\/p>\n<h2 style=\"text-align: center;\"><strong><span style=\"color: #3366ff;\">\u00a0 \u00a0 Line MAGNEN sophrologue\u00a0<\/span><\/strong><\/h2>\n<p><span style=\"color: #3366ff;\"><\/span><\/p>\n<p><strong><span style=\"color: #3366ff;\"><\/span><\/strong><\/p>\n<p><strong><span style=\"color: #3366ff;\"><\/span><\/strong><\/p>\n<p>[\/et_pb_text][\/et_pb_column][\/et_pb_row][et_pb_row column_structure=\u00a0\u00bb1_2,1_2&Prime; _builder_version=\u00a0\u00bb4.4.0&Prime; custom_margin=\u00a0\u00bb-3px|auto||134px||\u00a0\u00bb][et_pb_column type=\u00a0\u00bb1_2&Prime; _builder_version=\u00a0\u00bb4.4.0&Prime;][et_pb_image src=\u00a0\u00bbhttps:\/\/linemagnen.com\/wp-content\/uploads\/2021\/09\/pause-scaled.jpg\u00a0\u00bb title_text=\u00a0\u00bbpause\u00a0\u00bb _builder_version=\u00a0\u00bb4.9.4&Prime; _module_preset=\u00a0\u00bbdefault\u00a0\u00bb][\/et_pb_image][\/et_pb_column][et_pb_column type=\u00a0\u00bb1_2&Prime; _builder_version=\u00a0\u00bb4.4.0&Prime;][et_pb_text _builder_version=\u00a0\u00bb4.9.4&Prime; _module_preset=\u00a0\u00bbdefault\u00a0\u00bb custom_padding=\u00a0\u00bb17px|||||\u00a0\u00bb]<\/p>\n<h3 style=\"text-align: center;\">\u00a0<\/h3>\n<h3 style=\"text-align: center;\"><strong style=\"color: #0000ff; font-size: 20px;\"><\/strong><\/h3>\n<h3 style=\"text-align: center;\"><strong style=\"color: #0000ff; font-size: 20px;\">SOPHROLOGIE ASSO 76-27<\/strong><\/h3>\n<p><span style=\"text-decoration: underline;\"><span style=\"color: #0000ff;\"><strong><\/strong><\/span><\/span><\/p>\n<h4 style=\"text-align: center;\"><span style=\"color: #0000ff;\">Association loi 1901 cr\u00e9e en 2019, Sophrologie Asso 76-27 propose des ateliers collectifs de sophrologie s et des \u00e9v\u00e8nements sophrologie et Bien-\u00eatre sur toute la Haute-Normandie.<\/span><\/h4>\n<p><span style=\"color: #0000ff;\"><\/span><\/p>\n<h4 style=\"text-align: center;\"><span style=\"color: #0000ff;\">S\u00e9ances de sophrologie collectives \u00e0 l&rsquo;ann\u00e9e Rouen\u00a0<\/span><span style=\"color: #0000ff;\"><\/span><\/h4>\n<h4 style=\"text-align: center;\"><span style=\"color: #0000ff;\">S\u00e9ances collectives de sophrologie\u00a0 \u00e0 th\u00e8me<\/span><\/h4>\n<h4 style=\"text-align: center;\"><span style=\"color: #0000ff;\">Ateliers collectifs pour adultes et enfants<\/span><\/h4>\n<h4 style=\"text-align: center;\"><span style=\"color: #0000ff;\">Ev\u00e8nements sophrologie et Bien-\u00eatre<\/span><\/h4>\n<h4 style=\"text-align: center;\"><span style=\"color: #0000ff;\">Stages<\/span><\/h4>\n<h4 style=\"text-align: center;\"><span style=\"color: #0000ff;\">Partenariat avec autres associations, \u00e9tablissements de soins, structures d&rsquo;enseignement et de formation, entreprises, structures sportives&#8230;<\/span><\/h4>\n<h4 style=\"text-align: center;\"><span style=\"color: #0000ff;\">Formation<\/span><\/h4>\n<p><span style=\"color: #0000ff;\"><\/span><\/p>\n<p><span style=\"color: #0000ff;\"><\/span><\/p>\n<p><span style=\"color: #0000ff;\"><\/span><\/p>\n<p>[\/et_pb_text][\/et_pb_column][\/et_pb_row][\/et_pb_section]<\/p>\n","protected":false},"excerpt":{"rendered":"<p>[et_pb_section fb_built=\u00a0\u00bb1&Prime; _builder_version=\u00a0\u00bb4.4.0&Prime;][et_pb_row _builder_version=\u00a0\u00bb4.9.4&Prime; _module_preset=\u00a0\u00bbdefault\u00a0\u00bb][et_pb_column type=\u00a0\u00bb4_4&Prime; _builder_version=\u00a0\u00bb4.9.4&Prime; _module_preset=\u00a0\u00bbdefault\u00a0\u00bb][et_pb_text _builder_version=\u00a0\u00bb4.9.4&Prime; custom_padding=\u00a0\u00bb0px|||||\u00a0\u00bb] \u00a0 SOPHROLOGIE ASSO 76-27 ROUEN \u00a0 \u00a0SEANCES COLLECTIVES DE SOPHROLOGIE\u00a0 \u00a0 \u00a0 Line MAGNEN sophrologue\u00a0 [\/et_pb_text][\/et_pb_column][\/et_pb_row][et_pb_row column_structure=\u00a0\u00bb1_2,1_2&Prime; _builder_version=\u00a0\u00bb4.4.0&Prime; custom_margin=\u00a0\u00bb-3px|auto||134px||\u00a0\u00bb][et_pb_column type=\u00a0\u00bb1_2&Prime; _builder_version=\u00a0\u00bb4.4.0&Prime;][et_pb_image src=\u00a0\u00bbhttps:\/\/linemagnen.com\/wp-content\/uploads\/2021\/09\/pause-scaled.jpg\u00a0\u00bb title_text=\u00a0\u00bbpause\u00a0\u00bb _builder_version=\u00a0\u00bb4.9.4&Prime; _module_preset=\u00a0\u00bbdefault\u00a0\u00bb][\/et_pb_image][\/et_pb_column][et_pb_column type=\u00a0\u00bb1_2&Prime; _builder_version=\u00a0\u00bb4.4.0&Prime;][et_pb_text _builder_version=\u00a0\u00bb4.9.4&Prime; _module_preset=\u00a0\u00bbdefault\u00a0\u00bb custom_padding=\u00a0\u00bb17px|||||\u00a0\u00bb] \u00a0 SOPHROLOGIE ASSO 76-27 Association loi 1901 cr\u00e9e en 2019, Sophrologie Asso 76-27 propose des [&hellip;]<\/p>\n","protected":false},"author":1,"featured_media":0,"parent":0,"menu_order":0,"comment_status":"closed","ping_status":"closed","template":"","meta":{"_et_pb_use_builder":"on","_et_pb_old_content":"<!-- wp:divi\/placeholder \/-->","_et_gb_content_width":""},"_links":{"self":[{"href":"https:\/\/linemagnen.com\/index.php\/wp-json\/wp\/v2\/pages\/6"}],"collection":[{"href":"https:\/\/linemagnen.com\/index.php\/wp-json\/wp\/v2\/pages"}],"about":[{"href":"https:\/\/linemagnen.com\/index.php\/wp-json\/wp\/v2\/types\/page"}],"author":[{"embeddable":true,"href":"https:\/\/linemagnen.com\/index.php\/wp-json\/wp\/v2\/users\/1"}],"replies":[{"embeddable":true,"href":"https:\/\/linemagnen.com\/index.php\/wp-json\/wp\/v2\/comments?post=6"}],"version-history":[{"count":34,"href":"https:\/\/linemagnen.com\/index.php\/wp-json\/wp\/v2\/pages\/6\/revisions"}],"predecessor-version":[{"id":1318,"href":"https:\/\/linemagnen.com\/index.php\/wp-json\/wp\/v2\/pages\/6\/revisions\/1318"}],"wp:attachment":[{"href":"https:\/\/linemagnen.com\/index.php\/wp-json\/wp\/v2\/media?parent=6"}],"curies":[{"name":"wp","href":"https:\/\/api.w.org\/{rel}","templated":true}]}}