{"id":58,"date":"2020-03-09T13:42:25","date_gmt":"2020-03-09T12:42:25","guid":{"rendered":"http:\/\/linemagnen.com\/?page_id=58"},"modified":"2025-03-24T12:58:35","modified_gmt":"2025-03-24T11:58:35","slug":"domaines-dinterventions","status":"publish","type":"page","link":"https:\/\/linemagnen.com\/index.php\/domaines-dinterventions\/","title":{"rendered":"THEMATIQUES D&rsquo;ACCOMPAGNEMENT"},"content":{"rendered":"<p>[et_pb_section fb_built=\u00a0\u00bb1&Prime; _builder_version=\u00a0\u00bb4.4.0&Prime;][et_pb_row _builder_version=\u00a0\u00bb4.9.4&Prime;][et_pb_column type=\u00a0\u00bb4_4&Prime; _builder_version=\u00a0\u00bb4.4.0&Prime;][et_pb_text _builder_version=\u00a0\u00bb4.9.4&Prime; hover_enabled=\u00a0\u00bb0&Prime; sticky_enabled=\u00a0\u00bb0&Prime;]<\/p>\n<h1 style=\"text-align: center;\"><strong><span style=\"color: #3366ff;\">\u00a0 \u00a0 \u00a0 \u00a0 \u00a0SOPHROLOGIE ASSO 76-27 ROUEN<\/span><\/strong><\/h1>\n<h2 style=\"text-align: center;\"><strong><span style=\"color: #3366ff;\">\u00a0 \u00a0 \u00a0 \u00a0 \u00a0 \u00a0SEANCES COLLECTIVES DE SOPHROLOGIE<\/span><\/strong><\/h2>\n<h2 style=\"text-align: center;\"><span style=\"color: #3366ff;\"><strong>\u00a0 \u00a0 \u00a0 \u00a0 \u00a0 \u00a0Line MAGNEN sophrologue\u00a0\u00a0<\/strong><\/span><\/h2>\n<p><strong><span style=\"color: #3366ff;\"><\/span><\/strong><\/p>\n<p>[\/et_pb_text][\/et_pb_column][\/et_pb_row][et_pb_row column_structure=\u00a0\u00bb1_2,1_2&Prime; _builder_version=\u00a0\u00bb4.4.0&Prime;][et_pb_column type=\u00a0\u00bb1_2&Prime; _builder_version=\u00a0\u00bb4.4.0&Prime;][et_pb_text _builder_version=\u00a0\u00bb4.9.4&Prime;]<\/p>\n<p><strong>\u00a0\u00a0<\/strong><\/p>\n<p><strong><\/strong><\/p>\n<p><strong><\/strong><\/p>\n<p><strong>SOPHROLOGIE ET DEVELOPPEMENT PERSONNEL <\/strong><\/p>\n<p>s\u00e9ances collectives de septembre \u00e0 juin<\/p>\n<p>stages et \u00e9v\u00e8nements en pr\u00e9vision\u00a0<\/p>\n<p>&nbsp;<\/p>\n<p>[\/et_pb_text][\/et_pb_column][et_pb_column type=\u00a0\u00bb1_2&Prime; _builder_version=\u00a0\u00bb4.4.0&Prime;][et_pb_image src=\u00a0\u00bbhttps:\/\/linemagnen.com\/wp-content\/uploads\/2020\/04\/relax-4292062_960_720.jpg\u00a0\u00bb _builder_version=\u00a0\u00bb4.4.0&Prime;][\/et_pb_image][\/et_pb_column][\/et_pb_row][et_pb_row column_structure=\u00a0\u00bb1_2,1_2&Prime; _builder_version=\u00a0\u00bb4.4.0&Prime;][et_pb_column type=\u00a0\u00bb1_2&Prime; _builder_version=\u00a0\u00bb4.4.0&Prime;][et_pb_image src=\u00a0\u00bbhttps:\/\/linemagnen.com\/wp-content\/uploads\/2020\/03\/safe_image-1.png\u00a0\u00bb _builder_version=\u00a0\u00bb4.4.0&Prime;][\/et_pb_image][\/et_pb_column][et_pb_column type=\u00a0\u00bb1_2&Prime; _builder_version=\u00a0\u00bb4.4.0&Prime;][et_pb_text _builder_version=\u00a0\u00bb4.4.0&Prime;][\/et_pb_text][et_pb_text _builder_version=\u00a0\u00bb4.9.4&Prime;]<\/p>\n<p><strong>\u00a0GESTION DU STRESS ET DES EMOTIONS : <\/strong>\u00a0vous avez des difficult\u00e9s \u00e0 g\u00e9rer votre stress au quotidien, au niveau professionnel&#8230;et vos \u00e9motions dans des situations diverses. La sophrologie peut vous aider \u00e0 mieux vous centrer sur vous, vous lib\u00e9rer du stress n\u00e9gatif tout en accueillant le stress positif\u2026et en faire un atout. Les techniques peuvent aider \u00e0 mieux g\u00e9rer \u00e9motionnellement certains p\u00e9riodes de la vie (changement, deuil, violence\u00a0&#8230;) parfois difficiles pour soi.<\/p>\n<p>&nbsp;<\/p>\n<p>&nbsp;<\/p>\n<p>[\/et_pb_text][et_pb_text _builder_version=\u00a0\u00bb4.4.0&Prime;][\/et_pb_text][\/et_pb_column][\/et_pb_row][et_pb_row column_structure=\u00a0\u00bb1_2,1_2&Prime; _builder_version=\u00a0\u00bb4.4.0&Prime;][et_pb_column type=\u00a0\u00bb1_2&Prime; _builder_version=\u00a0\u00bb4.4.0&Prime;][et_pb_text _builder_version=\u00a0\u00bb4.4.0&Prime;]<\/p>\n<p><strong><\/strong><\/p>\n<p><strong><\/strong><\/p>\n<p><strong><\/strong><\/p>\n<p><strong><\/strong><\/p>\n<p><strong><\/strong><\/p>\n<p><strong><\/strong><\/p>\n<p><strong><\/strong><\/p>\n<p><strong><\/strong><\/p>\n<p><strong><\/strong><\/p>\n<p><strong><\/strong><\/p>\n<p><strong>SOPHROLOGIE ET AMELIORATION DU SOMMEIL\u00a0: <\/strong>des difficult\u00e9s \u00e0 trouver le sommeil, une sensation de trop peu de sommeil, des difficult\u00e9s \u00e0 vous retrouver le sommeil apr\u00e8s un r\u00e9veil nocturne, la sensation d\u2019\u00eatre fatigu\u00e9 d\u00e8s le lever&#8230; Les techniques sophrologiques peuvent vous apporter des outils pour am\u00e9liorer votre sommeil, et aussi \u00e0 apprendre \u00e0 vous reposer dans la journ\u00e9e (sieste flash&#8230;).<\/p>\n<p>[\/et_pb_text][\/et_pb_column][et_pb_column type=\u00a0\u00bb1_2&Prime; _builder_version=\u00a0\u00bb4.4.0&Prime;][et_pb_image src=\u00a0\u00bbhttps:\/\/linemagnen.com\/wp-content\/uploads\/2020\/04\/51168231_2039125779514766_8418364233506357248_n.jpg\u00a0\u00bb _builder_version=\u00a0\u00bb4.4.0&Prime;][\/et_pb_image][\/et_pb_column][\/et_pb_row][et_pb_row column_structure=\u00a0\u00bb1_2,1_2&Prime; _builder_version=\u00a0\u00bb4.4.0&Prime;][et_pb_column type=\u00a0\u00bb1_2&Prime; _builder_version=\u00a0\u00bb4.4.0&Prime;][et_pb_image src=\u00a0\u00bbhttps:\/\/linemagnen.com\/wp-content\/uploads\/2020\/03\/modelworkson.jpg\u00a0\u00bb _builder_version=\u00a0\u00bb4.4.0&Prime;][\/et_pb_image][\/et_pb_column][et_pb_column type=\u00a0\u00bb1_2&Prime; _builder_version=\u00a0\u00bb4.4.0&Prime;][et_pb_text _builder_version=\u00a0\u00bb4.9.4&Prime;]<\/p>\n<p><strong><\/strong><\/p>\n<p><strong><\/strong><\/p>\n<p><strong>SOPHROLOGIE ET MALADIE\u00a0:<\/strong> la maladie quelle soit aigue ou chronique est toujours un moment difficile \u00e0 vivre. La sophrologie peut accompagner ces moments douloureux tant dans l\u2019annonce de la maladie, que dans le v\u00e9cu de traitements divers, de la chirurgie, que dans l\u2019apr\u00e8s-maladie. Les techniques accompagnent aussi les modifications corporelles que la maladie peut entra\u00eener. Les techniques propos\u00e9es s\u2019adaptent \u00e0 vos besoins, \u00e0 votre \u00e9tat et \u00e0 votre r\u00e9alit\u00e9 du moment (fatigue, douleur, prise de recul, v\u00e9cu de la maladie, chirurgies, traitements au long cours&#8230;). La sophrologie aide aussi \u00e0 la prise de conscience de son corps dans la gestion du poids et des modifications corporelles.<\/p>\n<p>[\/et_pb_text][et_pb_text _builder_version=\u00a0\u00bb4.9.4&Prime;]<\/p>\n<h4 style=\"text-align: left;\"><strong>PRENEZ SOIN DE VOTRE CORPS. <\/strong><strong>C&rsquo;EST LE SEUL ENDROIT OU <\/strong><strong>VOUS ETES OBLIGE DE VIVRE<\/strong><\/h4>\n<p><strong><\/strong><\/p>\n<p>&nbsp;<\/p>\n<p>&nbsp;<\/p>\n<p>[\/et_pb_text][\/et_pb_column][\/et_pb_row][et_pb_row column_structure=\u00a0\u00bb1_2,1_2&Prime; _builder_version=\u00a0\u00bb4.4.0&Prime;][et_pb_column type=\u00a0\u00bb1_2&Prime; _builder_version=\u00a0\u00bb4.4.0&Prime;][et_pb_text _builder_version=\u00a0\u00bb4.9.4&Prime;]<\/p>\n<p><strong><\/strong><\/p>\n<p><strong><\/strong><\/p>\n<p><strong>SOPHROLOGIE ET GESTION DE LA DOULEUR :<\/strong><\/p>\n<p>La douleur ressentie est personnelle et peut \u00eatre aigue ou chronique. La sophrologie propose des techniques\u00a0 pour mieux g\u00e9rer et gagner en autonomie dans la gestion de ses douleurs.<\/p>\n<p>&nbsp;<\/p>\n<p>[\/et_pb_text][\/et_pb_column][et_pb_column type=\u00a0\u00bb1_2&Prime; _builder_version=\u00a0\u00bb4.4.0&Prime;][et_pb_image src=\u00a0\u00bbhttps:\/\/linemagnen.com\/wp-content\/uploads\/2020\/03\/safe_image-11.jpg\u00a0\u00bb _builder_version=\u00a0\u00bb4.4.0&Prime;][\/et_pb_image][\/et_pb_column][\/et_pb_row][et_pb_row column_structure=\u00a0\u00bb1_2,1_2&Prime; _builder_version=\u00a0\u00bb4.4.0&Prime;][et_pb_column type=\u00a0\u00bb1_2&Prime; _builder_version=\u00a0\u00bb4.4.0&Prime;][et_pb_image src=\u00a0\u00bbhttps:\/\/linemagnen.com\/wp-content\/uploads\/2020\/03\/aidant-naturel-chaise-roulante-personne-handicapee-Photo-Pixabay-via-INFOSuroit.jpg\u00a0\u00bb _builder_version=\u00a0\u00bb4.4.0&Prime;][\/et_pb_image][\/et_pb_column][et_pb_column type=\u00a0\u00bb1_2&Prime; _builder_version=\u00a0\u00bb4.4.0&Prime;][et_pb_text _builder_version=\u00a0\u00bb4.9.4&Prime;]<\/p>\n<p><strong><\/strong><\/p>\n<p><strong><\/strong><\/p>\n<p><strong><\/strong><\/p>\n<p><strong><\/strong><\/p>\n<p><strong><\/strong><\/p>\n<p><strong>SOPHROLOGIE ET AIDANTS NATURELS\u00a0<\/strong>:<\/p>\n<p>Accompagner un conjoint, un enfant ou un proche malade n\u2019est pas chose facile. Un accompagnement sophrologique permet de prendre un peu de temps pour soi, pour se retrouver avec soi-m\u00eame, se poser, se reposer un peu, et aussi d\u2019accompagner plus sereinement la personne en situation de maladie ou de handicap.<\/p>\n<p>Les s\u00e9ances de sophrologie en pr\u00e9sentiel ou distanciel peuvent accompagner les personnes aidantes \u00e0 trouver les ressources n\u00e9cessaires pour aider au mieux leurs proches.<\/p>\n<p>[\/et_pb_text][\/et_pb_column][\/et_pb_row][et_pb_row column_structure=\u00a0\u00bb1_2,1_2&Prime; _builder_version=\u00a0\u00bb4.4.0&Prime;][et_pb_column type=\u00a0\u00bb1_2&Prime; _builder_version=\u00a0\u00bb4.4.0&Prime;][et_pb_text _builder_version=\u00a0\u00bb4.9.4&Prime;]<\/p>\n<p><strong><\/strong><\/p>\n<p><strong>SOPHROPEDAGOGIE\u00a0: <\/strong><\/p>\n<p>Apprendre \u00e0 se poser pour favoriser l\u2019apprentissage, \u00e0 mieux g\u00e9rer son stress et ses \u00e9motions dans l\u2019apprentissage et dans les situations d\u2019\u00e9valuations \u00e9crites et orales, comprendre l\u2019importance de se centrer sur soi, de la concentration\u2026Pr\u00e9parer les examens et les concours.<\/p>\n<p>La sophrologie peut se pratiquer en milieu scolaire, coll\u00e8ges, lyc\u00e9es et accompagner les \u00e9tudiants (adolescents et adultes) en universit\u00e9 et en formation professionnelle.<\/p>\n<p>&nbsp;<\/p>\n<p>&nbsp;<\/p>\n<p>[\/et_pb_text][\/et_pb_column][et_pb_column type=\u00a0\u00bb1_2&Prime; _builder_version=\u00a0\u00bb4.4.0&Prime;][et_pb_image src=\u00a0\u00bbhttps:\/\/linemagnen.com\/wp-content\/uploads\/2020\/03\/safe_image-1.jpg\u00a0\u00bb _builder_version=\u00a0\u00bb4.9.4&Prime;][\/et_pb_image][\/et_pb_column][\/et_pb_row][et_pb_row column_structure=\u00a0\u00bb1_2,1_2&Prime; _builder_version=\u00a0\u00bb4.9.4&Prime; _module_preset=\u00a0\u00bbdefault\u00a0\u00bb][et_pb_column type=\u00a0\u00bb1_2&Prime; _builder_version=\u00a0\u00bb4.9.4&Prime; _module_preset=\u00a0\u00bbdefault\u00a0\u00bb][et_pb_text _builder_version=\u00a0\u00bb4.9.4&Prime; _module_preset=\u00a0\u00bbdefault\u00a0\u00bb width=\u00a0\u00bb100%\u00a0\u00bb]<\/p>\n<h6>\u00a0<strong><\/strong><\/h6>\n<h6><strong><\/strong><\/h6>\n<h6><strong><\/strong><\/h6>\n<h6><strong><\/strong><\/h6>\n<h6><strong>SOPHROLOGIE ET MEDITATION POUR ENFANTS :<\/strong><\/h6>\n<p>en s\u00e9ances collectives ou individuelles, la sophrologie et la m\u00e9diation de pleine conscience adapt\u00e9es aux enfants les accompagnent dans le cadre de\u00a0 probl\u00e9matiques diverses.\u00a0\u00a0<\/p>\n<h6><\/h6>\n<p>&nbsp;<\/p>\n<h6><\/h6>\n<p>&nbsp;<\/p>\n<p>[\/et_pb_text][\/et_pb_column][et_pb_column type=\u00a0\u00bb1_2&Prime; _builder_version=\u00a0\u00bb4.9.4&Prime; _module_preset=\u00a0\u00bbdefault\u00a0\u00bb][et_pb_image src=\u00a0\u00bbhttps:\/\/linemagnen.com\/wp-content\/uploads\/2021\/09\/facebook_1624266014894_6812665443335397949_837104900098634.jpg\u00a0\u00bb title_text=\u00a0\u00bbfacebook_1624266014894_6812665443335397949_837104900098634&Prime; _builder_version=\u00a0\u00bb4.9.4&Prime; _module_preset=\u00a0\u00bbdefault\u00a0\u00bb][\/et_pb_image][\/et_pb_column][\/et_pb_row][et_pb_row column_structure=\u00a0\u00bb1_2,1_2&Prime; _builder_version=\u00a0\u00bb4.4.0&Prime;][et_pb_column type=\u00a0\u00bb1_2&Prime; _builder_version=\u00a0\u00bb4.4.0&Prime;][et_pb_image src=\u00a0\u00bbhttps:\/\/linemagnen.com\/wp-content\/uploads\/2020\/04\/people-3245739_640-1.png\u00a0\u00bb _builder_version=\u00a0\u00bb4.4.0&Prime;][\/et_pb_image][\/et_pb_column][et_pb_column type=\u00a0\u00bb1_2&Prime; _builder_version=\u00a0\u00bb4.4.0&Prime;][et_pb_text _builder_version=\u00a0\u00bb4.9.4&Prime;]<\/p>\n<p><strong><\/strong><\/p>\n<p><strong><\/strong><\/p>\n<p><strong><\/strong><\/p>\n<p><strong><\/strong><\/p>\n<p><strong><\/strong><\/p>\n<p><strong><\/strong><\/p>\n<p><strong><\/strong><\/p>\n<p><strong><\/strong><\/p>\n<p><strong>SOPHROLOGIE ET INSERTION PROFESSIONNELLE\u00a0<\/strong>: se pr\u00e9parer \u00e0 une reprise d\u2019activit\u00e9 professionnelle, pr\u00e9parer un entretien de recrutement, mieux g\u00e9rer stress et \u00e9motions, prendre conscience de ses capacit\u00e9s, c\u2019est ce que peut vous proposer la sophrologie.<\/p>\n<p>&nbsp;<\/p>\n<p><strong>SOPHROLOGIE ET ENTREPRISE\u00a0: <\/strong>\u00ab se sentir bien au travail \u00bb, favoriser la coh\u00e9sion d\u2019\u00e9quipes, pr\u00e9venir les risques psycho-sociaux dans l\u2019entreprise, accompagner le changement dans l\u2019entreprise, am\u00e9liorer la performance et la productivit\u00e9.<\/p>\n<p>&nbsp;<\/p>\n<p>[\/et_pb_text][\/et_pb_column][\/et_pb_row][et_pb_row column_structure=\u00a0\u00bb1_2,1_2&Prime; _builder_version=\u00a0\u00bb4.9.4&Prime; hover_enabled=\u00a0\u00bb0&Prime; sticky_enabled=\u00a0\u00bb0&Prime;][et_pb_column type=\u00a0\u00bb1_2&Prime; _builder_version=\u00a0\u00bb4.4.0&Prime;][et_pb_text _builder_version=\u00a0\u00bb4.4.0&Prime;]<\/p>\n<p><strong><\/strong><\/p>\n<p><strong><\/strong><\/p>\n<p><strong><\/strong><\/p>\n<p><strong><\/strong><\/p>\n<p><strong><\/strong><\/p>\n<p><strong><\/strong><\/p>\n<p><strong>SOPHROLOGIE ET PERSONNES AGEES\u00a0<\/strong>: la sophrologie permet de conserver la conscience corporelle, la conscience des 5 sens, la conscience de ses capacit\u00e9s, de ses valeurs. Elle renforce aussi le v\u00e9cu avec les autres et la notion de partage. La discipline permet aussi d\u2019envisager l\u2019avenir et de se projeter positivement \u00ab m\u00eame dans le grand \u00e2ge\u00a0\u00bb.<\/p>\n<p>[\/et_pb_text][\/et_pb_column][et_pb_column type=\u00a0\u00bb1_2&Prime; _builder_version=\u00a0\u00bb4.4.0&Prime;][et_pb_image src=\u00a0\u00bbhttps:\/\/linemagnen.com\/wp-content\/uploads\/2020\/04\/23319471_906200236197084_2205643815217505265_n.jpg\u00a0\u00bb _builder_version=\u00a0\u00bb4.4.0&Prime;][\/et_pb_image][\/et_pb_column][\/et_pb_row][et_pb_row column_structure=\u00a0\u00bb1_2,1_2&Prime; _builder_version=\u00a0\u00bb4.4.0&Prime;][et_pb_column type=\u00a0\u00bb1_2&Prime; _builder_version=\u00a0\u00bb4.4.0&Prime;][et_pb_text _builder_version=\u00a0\u00bb4.9.4&Prime;]<\/p>\n<p><strong><\/strong><\/p>\n<p><strong><\/strong><\/p>\n<p><strong><\/strong><\/p>\n<p><strong><\/strong><\/p>\n<p><strong><\/strong><\/p>\n<p><strong>SOPHROLOGIE POUR LES RETRAITES\u00a0<\/strong>: le d\u00e9part en retraite est un moment \u00e0 pr\u00e9parer pour mieux se projeter dans l\u2019avenir. La sophrologie peut accompagner ce moment de changement dans la vie\u00a0; elle favorise une attitude positive dans sa nouvelle fa\u00e7on de vivre et d\u2019organiser sa vie, son quotidien lorsque la vie professionnelle s\u2019arr\u00eate.<\/p>\n<p>[\/et_pb_text][\/et_pb_column][et_pb_column type=\u00a0\u00bb1_2&Prime; _builder_version=\u00a0\u00bb4.4.0&Prime;][et_pb_image src=\u00a0\u00bbhttps:\/\/linemagnen.com\/wp-content\/uploads\/2020\/04\/couple-elderly-man-old-34761-scaled.jpg\u00a0\u00bb _builder_version=\u00a0\u00bb4.4.0&Prime;][\/et_pb_image][\/et_pb_column][\/et_pb_row][et_pb_row _builder_version=\u00a0\u00bb4.4.0&Prime;][et_pb_column type=\u00a0\u00bb4_4&Prime; _builder_version=\u00a0\u00bb4.4.0&Prime;][et_pb_text _builder_version=\u00a0\u00bb4.4.0&Prime;]<\/p>\n<p style=\"text-align: center;\">La sophrologie ne se substitue ni \u00e0 un avis m\u00e9dical ni \u00e0 un traitement m\u00e9dical prescrit.<\/p>\n<p>[\/et_pb_text][\/et_pb_column][\/et_pb_row][\/et_pb_section]<\/p>\n","protected":false},"excerpt":{"rendered":"<p>[et_pb_section fb_built=\u00a0\u00bb1&Prime; _builder_version=\u00a0\u00bb4.4.0&Prime;][et_pb_row _builder_version=\u00a0\u00bb4.9.4&Prime;][et_pb_column type=\u00a0\u00bb4_4&Prime; _builder_version=\u00a0\u00bb4.4.0&Prime;][et_pb_text _builder_version=\u00a0\u00bb4.9.4&Prime; hover_enabled=\u00a0\u00bb0&Prime; sticky_enabled=\u00a0\u00bb0&Prime;] \u00a0 \u00a0 \u00a0 \u00a0 \u00a0SOPHROLOGIE ASSO 76-27 ROUEN \u00a0 \u00a0 \u00a0 \u00a0 \u00a0 \u00a0SEANCES COLLECTIVES DE SOPHROLOGIE \u00a0 \u00a0 \u00a0 \u00a0 \u00a0 \u00a0Line MAGNEN sophrologue\u00a0\u00a0 [\/et_pb_text][\/et_pb_column][\/et_pb_row][et_pb_row column_structure=\u00a0\u00bb1_2,1_2&Prime; _builder_version=\u00a0\u00bb4.4.0&Prime;][et_pb_column type=\u00a0\u00bb1_2&Prime; _builder_version=\u00a0\u00bb4.4.0&Prime;][et_pb_text _builder_version=\u00a0\u00bb4.9.4&Prime;] \u00a0\u00a0 SOPHROLOGIE ET DEVELOPPEMENT PERSONNEL s\u00e9ances collectives de septembre \u00e0 juin stages et \u00e9v\u00e8nements en [&hellip;]<\/p>\n","protected":false},"author":1,"featured_media":0,"parent":0,"menu_order":0,"comment_status":"closed","ping_status":"closed","template":"","meta":{"_et_pb_use_builder":"on","_et_pb_old_content":"","_et_gb_content_width":""},"_links":{"self":[{"href":"https:\/\/linemagnen.com\/index.php\/wp-json\/wp\/v2\/pages\/58"}],"collection":[{"href":"https:\/\/linemagnen.com\/index.php\/wp-json\/wp\/v2\/pages"}],"about":[{"href":"https:\/\/linemagnen.com\/index.php\/wp-json\/wp\/v2\/types\/page"}],"author":[{"embeddable":true,"href":"https:\/\/linemagnen.com\/index.php\/wp-json\/wp\/v2\/users\/1"}],"replies":[{"embeddable":true,"href":"https:\/\/linemagnen.com\/index.php\/wp-json\/wp\/v2\/comments?post=58"}],"version-history":[{"count":55,"href":"https:\/\/linemagnen.com\/index.php\/wp-json\/wp\/v2\/pages\/58\/revisions"}],"predecessor-version":[{"id":1268,"href":"https:\/\/linemagnen.com\/index.php\/wp-json\/wp\/v2\/pages\/58\/revisions\/1268"}],"wp:attachment":[{"href":"https:\/\/linemagnen.com\/index.php\/wp-json\/wp\/v2\/media?parent=58"}],"curies":[{"name":"wp","href":"https:\/\/api.w.org\/{rel}","templated":true}]}}