{"id":54,"date":"2020-03-09T13:40:45","date_gmt":"2020-03-09T12:40:45","guid":{"rendered":"http:\/\/linemagnen.com\/?page_id=54"},"modified":"2025-07-14T18:07:02","modified_gmt":"2025-07-14T16:07:02","slug":"quest-ce-que-la-sophrologie","status":"publish","type":"page","link":"https:\/\/linemagnen.com\/index.php\/quest-ce-que-la-sophrologie\/","title":{"rendered":"LA SOPHROLOGIE"},"content":{"rendered":"<p>[et_pb_section fb_built=\u00a0\u00bb1&Prime; _builder_version=\u00a0\u00bb4.4.0&Prime;][et_pb_row _builder_version=\u00a0\u00bb4.4.0&Prime;][et_pb_column type=\u00a0\u00bb4_4&Prime; _builder_version=\u00a0\u00bb4.4.0&Prime;][et_pb_text _builder_version=\u00a0\u00bb4.9.4&Prime; text_text_color=\u00a0\u00bb#0c71c3&Prime; custom_padding=\u00a0\u00bb14px|||||\u00a0\u00bb]<\/p>\n<h1 style=\"text-align: center;\"><strong><span style=\"color: #3366ff;\">\u00a0 \u00a0SOPHROLOGIE ASSO 76-27 ROUEN<\/span><\/strong><\/h1>\n<h2 style=\"text-align: center;\"><strong><span style=\"color: #3366ff;\">\u00a0 \u00a0SEANCES COLLECTIVES DE SOPHROLOGIE<\/span><\/strong><\/h2>\n<h2 style=\"text-align: center;\"><strong><span style=\"color: #3366ff;\">\u00a0 \u00a0 Line MAGNEN sophrologue\u00a0<\/span><\/strong><\/h2>\n<p>[\/et_pb_text][\/et_pb_column][\/et_pb_row][et_pb_row column_structure=\u00a0\u00bb3_5,2_5&Prime; _builder_version=\u00a0\u00bb4.4.0&Prime; custom_padding=\u00a0\u00bb27px|||||\u00a0\u00bb][et_pb_column type=\u00a0\u00bb3_5&Prime; _builder_version=\u00a0\u00bb4.4.0&Prime;][et_pb_text _builder_version=\u00a0\u00bb4.9.4&Prime; header_6_font_size=\u00a0\u00bb11px\u00a0\u00bb custom_padding=\u00a0\u00bb11px|||||\u00a0\u00bb]<\/p>\n<h3 style=\"text-align: center;\"><span style=\"text-decoration: underline; color: #3366ff;\">Qu&rsquo;est-ce que la sophrologie ?<\/span><\/h3>\n<p>&nbsp;<\/p>\n<p style=\"text-align: left;\">C&rsquo;est en 1960 que le Professeur Alfonso Cayc\u00e9do, neuropsychiatre, a cr\u00e9e la sophrologie. C&rsquo;est au cours de ses voyages qu&rsquo;il a parfait la m\u00e9thode. Empreinte de plusieurs origines (la m\u00e9ditation au bouddhisme, le zen japonais, l&rsquo;hypnose, le yoga&#8230;) la sophrologie est aujourd&rsquo;hui une discipline \u00e0 part enti\u00e8re qui permet \u00e0 chacun d&rsquo;am\u00e9liorer sa vie dans les diff\u00e9rentes sph\u00e8res de son quotidien.<\/p>\n<p style=\"text-align: left;\">\u00ab\u00a0SOPHROLOGIE\u00a0\u00bb est un n\u00e9ologisme qui vient de 3 mots grecs : SOS qui signifie \u00ab\u00a0harmonie\u00a0\u00bb, \u00ab\u00a0PHREN\u00a0\u00bb qui signifie cerveau et par extension la \u00ab\u00a0conscience\u00a0\u00bb, \u00ab\u00a0LOGOS\u00a0\u00bb\u00a0 qui signifie langage, discours.<\/p>\n<p style=\"text-align: left;\">La sophrologie est une \u00e9tude de la conscience en harmonie. \u00ab\u00a0Etre mieux avec soi-m\u00eame et conscient de cet \u00e9quilibre\u00a0\u00bb.<\/p>\n<p style=\"text-align: left;\">La m\u00e9thode comporte de nombreuses techniques de relaxation du corps et de l&rsquo;esprit. La respiration prend une grande place dans cette discipline. La sophrologie utilise des techniques de relaxation, de respiration, de relaxations dynamiques et d&rsquo;\u00e9vocations\/visualisations positives.<\/p>\n<p style=\"text-align: left;\">Elle est bas\u00e9e sur la \u00a0\u00bb ph\u00e9nom\u00e9nologie\u00a0\u00bb. C&rsquo;est une philosophie qui permet d&rsquo;aborder les techniques propos\u00e9es \u00ab\u00a0comme si c&rsquo;\u00e9tait le 1\u00e8re fois, en laissant les choses se vivent tout simplement, juste \u00e0 l&rsquo;\u00e9coute de ses ressentis dans l&rsquo;instant pr\u00e9sent\u00a0\u00bb.<\/p>\n<p style=\"text-align: left;\">La sophrologie s&rsquo;applique dans des champs diff\u00e9rents : la sant\u00e9, la vie quotidienne, la vie professionnelle, le sport&#8230;.<\/p>\n<p style=\"text-align: left;\">Elle est adapt\u00e9e aux enfants, aux adolescents, aux adultes, aux s\u00e9niors&#8230;.. La m\u00e9thode s&rsquo;adapte \u00e0 la r\u00e9alit\u00e9 et aux possibilit\u00e9s de chacun.<\/p>\n<p style=\"text-align: left;\">[\/et_pb_text][\/et_pb_column][et_pb_column type=\u00a0\u00bb2_5&Prime; _builder_version=\u00a0\u00bb4.4.0&Prime;][et_pb_image src=\u00a0\u00bbhttps:\/\/linemagnen.com\/wp-content\/uploads\/2020\/03\/61329824_684242852025428_2646238597853741056_n.jpg\u00a0\u00bb _builder_version=\u00a0\u00bb4.4.0&Prime;][\/et_pb_image][et_pb_text _builder_version=\u00a0\u00bb4.4.0&Prime;]<\/p>\n<h5 style=\"text-align: center;\">\u00ab\u00a0Juste vivre ce qui se passe pour vous dans l&rsquo;instant pr\u00e9sent, accueillir les sensations, les ressentis comme si c&rsquo;\u00e9tait la premi\u00e8re fois, sans interpr\u00e9ter sans juger, sans \u00e0 priori. Juste \u00eatre \u00e0 l&rsquo;\u00e9coute de ce qui se passe pour vous l\u00e0, maintenant\u00a0\u00bb.<\/h5>\n<p>[\/et_pb_text][\/et_pb_column][\/et_pb_row][et_pb_row column_structure=\u00a0\u00bb1_3,2_3&Prime; _builder_version=\u00a0\u00bb4.4.0&Prime;][et_pb_column type=\u00a0\u00bb1_3&Prime; _builder_version=\u00a0\u00bb4.4.0&Prime;][et_pb_image src=\u00a0\u00bbhttps:\/\/linemagnen.com\/wp-content\/uploads\/2020\/03\/11898859_545478188939737_4473269713277394729_n.jpg\u00a0\u00bb _builder_version=\u00a0\u00bb4.9.4&Prime; hover_enabled=\u00a0\u00bb0&Prime; sticky_enabled=\u00a0\u00bb0&Prime;][\/et_pb_image][\/et_pb_column][et_pb_column type=\u00a0\u00bb2_3&Prime; _builder_version=\u00a0\u00bb4.4.0&Prime;][et_pb_text _builder_version=\u00a0\u00bb4.9.4&Prime; text_font_size=\u00a0\u00bb10px\u00a0\u00bb custom_padding=\u00a0\u00bb||85px|||\u00a0\u00bb]<\/p>\n<h3 style=\"text-align: center;\"><span style=\"text-decoration: underline;\"><\/span><\/h3>\n<h3 style=\"text-align: center;\"><span style=\"text-decoration: underline;\"><\/span><\/h3>\n<h3 style=\"text-align: center;\"><span style=\"text-decoration: underline;\"><\/span><\/h3>\n<h3 style=\"text-align: center;\"><span style=\"text-decoration: underline;\"><\/span><\/h3>\n<h3 style=\"text-align: center;\"><span style=\"text-decoration: underline;\"><\/span><\/h3>\n<h3 style=\"text-align: center;\"><span style=\"text-decoration: underline;\"><\/span><\/h3>\n<h3 style=\"text-align: center;\"><span style=\"text-decoration: underline; color: #3366ff;\">D\u00e9roulement d&rsquo;une s\u00e9ance de sophrologie<\/span><\/h3>\n<p><span style=\"text-decoration: underline;\"><\/span><\/p>\n<h5><span style=\"text-decoration: underline;\"><\/span><\/h5>\n<h5><span style=\"text-decoration: underline;\"><\/span><\/h5>\n<h5>Une s\u00e9ance de sophrologie dure environ 1 heure (la premi\u00e8re s\u00e9ance n\u00e9cessitant un temps de rencontre et d&rsquo;\u00e9changes dure 1h15).<\/h5>\n<h5>La s\u00e9ance commence par un temps pour partager son \u00e9tat du moment.<\/h5>\n<h5>Elle se continue par un temps d&rsquo;information sur les techniques propos\u00e9es durant la s\u00e9ance.<\/h5>\n<h5>Puis le temps de \u00a0\u00bb pratique\u00a0\u00bb (associant plusieurs pratiques et postures) a lieu.<\/h5>\n<h5>La s\u00e9ance se termine par un temps de partage sur le v\u00e9cu de la s\u00e9ance et les questions \u00e9ventuelles de la personne.<\/h5>\n<h5>Je propose un temps pour pr\u00e9parer les \u00ab\u00a0moments sophro\u00a0\u00bb en autonomie \u00e0 pratiquer entre les s\u00e9ances.<\/h5>\n<p>&nbsp;<\/p>\n<h4><\/h4>\n<h4><\/h4>\n<p><span style=\"text-decoration: underline;\"><\/span><\/p>\n<p>[\/et_pb_text][et_pb_text _builder_version=\u00a0\u00bb4.4.0&Prime;]<\/p>\n<p>.<\/p>\n<p>[\/et_pb_text][\/et_pb_column][\/et_pb_row][et_pb_row column_structure=\u00a0\u00bb1_2,1_2&Prime; _builder_version=\u00a0\u00bb4.4.0&Prime;][et_pb_column type=\u00a0\u00bb1_2&Prime; _builder_version=\u00a0\u00bb4.4.0&Prime;][et_pb_image src=\u00a0\u00bbhttps:\/\/linemagnen.com\/wp-content\/uploads\/2020\/03\/safe_image-2.jpg\u00a0\u00bb _builder_version=\u00a0\u00bb4.4.0&Prime;][\/et_pb_image][\/et_pb_column][et_pb_column type=\u00a0\u00bb1_2&Prime; _builder_version=\u00a0\u00bb4.4.0&Prime;][et_pb_image src=\u00a0\u00bbhttps:\/\/linemagnen.com\/wp-content\/uploads\/2020\/03\/IMG_0177-web-1-768&#215;512-1.jpg\u00a0\u00bb _builder_version=\u00a0\u00bb4.9.4&Prime; _module_preset=\u00a0\u00bbdefault\u00a0\u00bb title_text=\u00a0\u00bbIMG_0177-web-1-768&#215;512&Prime; hover_enabled=\u00a0\u00bb0&Prime; sticky_enabled=\u00a0\u00bb0&Prime;][\/et_pb_image][\/et_pb_column][\/et_pb_row][et_pb_row column_structure=\u00a0\u00bb2_5,3_5&Prime; _builder_version=\u00a0\u00bb4.4.0&Prime;][et_pb_column type=\u00a0\u00bb2_5&Prime; _builder_version=\u00a0\u00bb4.4.0&Prime;][et_pb_text _builder_version=\u00a0\u00bb4.9.4&Prime; custom_padding=\u00a0\u00bb||6px|||\u00a0\u00bb]<\/p>\n<h3 style=\"text-align: center;\"><strong><\/strong><\/h3>\n<h3 style=\"text-align: center;\"><strong><\/strong><\/h3>\n<h3 style=\"text-align: center;\"><span style=\"text-decoration: underline;\"><\/span><\/h3>\n<h3 style=\"text-align: center;\"><span style=\"text-decoration: underline;\"><\/span><\/h3>\n<h3 style=\"text-align: center;\"><span style=\"text-decoration: underline; color: #000000;\"><\/span><\/h3>\n<h3 style=\"text-align: center;\"><span style=\"text-decoration: underline; color: #000000;\"><\/span><\/h3>\n<h3 style=\"text-align: center;\"><span style=\"text-decoration: underline; color: #000000;\"><\/span><\/h3>\n<h3 style=\"text-align: center;\"><span style=\"text-decoration: underline; color: #000000;\"><\/span><\/h3>\n<h3 style=\"text-align: center;\"><span style=\"text-decoration: underline; color: #000000;\"><\/span><\/h3>\n<h3 style=\"text-align: center;\"><span style=\"text-decoration: underline; color: #000000;\"><\/span><\/h3>\n<h3 style=\"text-align: center;\"><span style=\"text-decoration: underline; color: #3366ff;\">Ce que la sophrologie n&rsquo;est pas :<\/span><\/h3>\n<p>[\/et_pb_text][\/et_pb_column][et_pb_column type=\u00a0\u00bb3_5&Prime; _builder_version=\u00a0\u00bb4.4.0&Prime;][et_pb_text _builder_version=\u00a0\u00bb4.9.4&Prime; custom_margin=\u00a0\u00bb||-11px|||\u00a0\u00bb]<\/p>\n<p>&#8211; ce n&rsquo;est pas juste une m\u00e9thode de relaxation<\/p>\n<p>&#8211; ce n&rsquo;est pas une discipline sans structure : la <strong>m\u00e9thode est \u00e9tablie et structur\u00e9e<\/strong>. Le sophrologue adapte les techniques aux besoins et aux objectifs de la personne accompagn\u00e9e et des groupes.<\/p>\n<p>&#8211; ce n&rsquo;est pas une discipline que l&rsquo;on utilise seulement en pr\u00e9sence d&rsquo;un professionnel. La sophrologie <strong>vise l&rsquo;autonomie de la personne<\/strong>, et \u00e0 ce que chacun puisse utiliser les techniques qui lui conviennent dans son quotidien et selon ses besoins.<\/p>\n<p>&#8211; la sophrologie n&rsquo;a de lien ni avec la religion ni avec une croyance quelconque. Elle vise seulement \u00e0 faire vivre cette affirmation du Pr Cayc\u00e9do : \u00ab\u00a0la premi\u00e8re grande valeur de l&rsquo;homme, c&rsquo;est l&rsquo;homme lui-m\u00eame\u00a0\u00bb.<\/p>\n<p>&nbsp;<\/p>\n<p>[\/et_pb_text][\/et_pb_column][\/et_pb_row][et_pb_row _builder_version=\u00a0\u00bb4.4.0&Prime;][et_pb_column type=\u00a0\u00bb4_4&Prime; _builder_version=\u00a0\u00bb4.4.0&Prime;][et_pb_text _builder_version=\u00a0\u00bb4.4.0&Prime;][\/et_pb_text][\/et_pb_column][\/et_pb_row][\/et_pb_section]<\/p>\n","protected":false},"excerpt":{"rendered":"<p>[et_pb_section fb_built=\u00a0\u00bb1&Prime; _builder_version=\u00a0\u00bb4.4.0&Prime;][et_pb_row _builder_version=\u00a0\u00bb4.4.0&Prime;][et_pb_column type=\u00a0\u00bb4_4&Prime; _builder_version=\u00a0\u00bb4.4.0&Prime;][et_pb_text _builder_version=\u00a0\u00bb4.9.4&Prime; text_text_color=\u00a0\u00bb#0c71c3&Prime; custom_padding=\u00a0\u00bb14px|||||\u00a0\u00bb] \u00a0 \u00a0SOPHROLOGIE ASSO 76-27 ROUEN \u00a0 \u00a0SEANCES COLLECTIVES DE SOPHROLOGIE \u00a0 \u00a0 Line MAGNEN sophrologue\u00a0 [\/et_pb_text][\/et_pb_column][\/et_pb_row][et_pb_row column_structure=\u00a0\u00bb3_5,2_5&Prime; _builder_version=\u00a0\u00bb4.4.0&Prime; custom_padding=\u00a0\u00bb27px|||||\u00a0\u00bb][et_pb_column type=\u00a0\u00bb3_5&Prime; _builder_version=\u00a0\u00bb4.4.0&Prime;][et_pb_text _builder_version=\u00a0\u00bb4.9.4&Prime; header_6_font_size=\u00a0\u00bb11px\u00a0\u00bb custom_padding=\u00a0\u00bb11px|||||\u00a0\u00bb] Qu&rsquo;est-ce que la sophrologie ? &nbsp; C&rsquo;est en 1960 que le Professeur Alfonso Cayc\u00e9do, neuropsychiatre, a cr\u00e9e la sophrologie. C&rsquo;est au cours [&hellip;]<\/p>\n","protected":false},"author":1,"featured_media":0,"parent":0,"menu_order":0,"comment_status":"closed","ping_status":"closed","template":"","meta":{"_et_pb_use_builder":"on","_et_pb_old_content":"","_et_gb_content_width":""},"_links":{"self":[{"href":"https:\/\/linemagnen.com\/index.php\/wp-json\/wp\/v2\/pages\/54"}],"collection":[{"href":"https:\/\/linemagnen.com\/index.php\/wp-json\/wp\/v2\/pages"}],"about":[{"href":"https:\/\/linemagnen.com\/index.php\/wp-json\/wp\/v2\/types\/page"}],"author":[{"embeddable":true,"href":"https:\/\/linemagnen.com\/index.php\/wp-json\/wp\/v2\/users\/1"}],"replies":[{"embeddable":true,"href":"https:\/\/linemagnen.com\/index.php\/wp-json\/wp\/v2\/comments?post=54"}],"version-history":[{"count":31,"href":"https:\/\/linemagnen.com\/index.php\/wp-json\/wp\/v2\/pages\/54\/revisions"}],"predecessor-version":[{"id":1329,"href":"https:\/\/linemagnen.com\/index.php\/wp-json\/wp\/v2\/pages\/54\/revisions\/1329"}],"wp:attachment":[{"href":"https:\/\/linemagnen.com\/index.php\/wp-json\/wp\/v2\/media?parent=54"}],"curies":[{"name":"wp","href":"https:\/\/api.w.org\/{rel}","templated":true}]}}