{"id":175,"date":"2020-03-10T10:35:46","date_gmt":"2020-03-10T09:35:46","guid":{"rendered":"http:\/\/linemagnen.com\/?page_id=175"},"modified":"2020-03-12T14:52:20","modified_gmt":"2020-03-12T13:52:20","slug":"mentions-legales","status":"publish","type":"page","link":"https:\/\/linemagnen.com\/index.php\/mentions-legales\/","title":{"rendered":"Mentions l\u00e9gales"},"content":{"rendered":"\n[et_pb_section fb_built=\u00a0\u00bb1&Prime; _builder_version=\u00a0\u00bb4.4.0&Prime;][et_pb_row _builder_version=\u00a0\u00bb4.4.0&Prime;][et_pb_column type=\u00a0\u00bb4_4&Prime; _builder_version=\u00a0\u00bb4.4.0&Prime;][et_pb_text _builder_version=\u00a0\u00bb4.4.0&Prime; hover_enabled=\u00a0\u00bb0&Prime;]<p>Votre utilisation de ce site web constitue votre acceptation des conditions g\u00e9n\u00e9rales et mentions d\u2019avertissement. Ce site peut contenir des liens vers d\u2019autres sites web. Nous n\u2019assumons aucune responsabilit\u00e9 sur le contenu des sites autres que ceux faisant partie de notre domaine. Vous vous engagez \u00e0 ne pas utiliser ce site \u00e0 des fins illicites ou interdites par les lois ou par les mentions l\u00e9gales et contractuelles.<\/p>\n<p>Propri\u00e9taire du site et webmaster : Line Magnen<br \/> Tel : +33 (0) 622763526<br \/> Adresse : 4 rue de l&rsquo;Abb\u00e9 Colas 76000 Rouen<br \/> Siret :\u00a0 880 799 705 00012<br \/> Adresse e-mail : linemagnen.sophrologue@gmail.com<\/p>\n<h3>Contenu<\/h3>\n<p>Nous apportons beaucoup d\u2019attention \u00e0 l\u2019exactitude des donn\u00e9es contenues sur son site web. Si n\u00e9anmoins vous trouviez une information incorrecte ou erron\u00e9e dans nos pages, merci d\u2019en avertir le webmaster via le formulaire de contact.<\/p>\n<p>Les marques, logos et plus g\u00e9n\u00e9ralement tous les \u00e9l\u00e9ments de propri\u00e9t\u00e9 intellectuelle sont la propri\u00e9t\u00e9 de leur auteur, sont d\u00e9pos\u00e9s et prot\u00e9g\u00e9s \u00e0 ce titre. Toute utilisation ou reproduction est interdite. Par ailleurs, les informations contenues sur ce site doivent \u00eatre utilis\u00e9es \u00e0 des fins strictement personnelles. Tout type d\u2019utilisation, de reproduction, de copie ou de diffusion \u00e0 des fins commerciales est interdite.<\/p>\n<p>Nous d\u00e9clinons toute responsabilit\u00e9 quant au contenu des informations fournies sur des sites au titre de l\u2019activation de liens hypertexte.<\/p>\n<h3>H\u00e9bergeur<\/h3>\n<p>Ovh France<\/p>\n[\/et_pb_text][\/et_pb_column][\/et_pb_row][\/et_pb_section]\n","protected":false},"excerpt":{"rendered":"","protected":false},"author":1,"featured_media":0,"parent":0,"menu_order":0,"comment_status":"closed","ping_status":"closed","template":"","meta":{"_et_pb_use_builder":"on","_et_pb_old_content":"","_et_gb_content_width":""},"_links":{"self":[{"href":"https:\/\/linemagnen.com\/index.php\/wp-json\/wp\/v2\/pages\/175"}],"collection":[{"href":"https:\/\/linemagnen.com\/index.php\/wp-json\/wp\/v2\/pages"}],"about":[{"href":"https:\/\/linemagnen.com\/index.php\/wp-json\/wp\/v2\/types\/page"}],"author":[{"embeddable":true,"href":"https:\/\/linemagnen.com\/index.php\/wp-json\/wp\/v2\/users\/1"}],"replies":[{"embeddable":true,"href":"https:\/\/linemagnen.com\/index.php\/wp-json\/wp\/v2\/comments?post=175"}],"version-history":[{"count":4,"href":"https:\/\/linemagnen.com\/index.php\/wp-json\/wp\/v2\/pages\/175\/revisions"}],"predecessor-version":[{"id":250,"href":"https:\/\/linemagnen.com\/index.php\/wp-json\/wp\/v2\/pages\/175\/revisions\/250"}],"wp:attachment":[{"href":"https:\/\/linemagnen.com\/index.php\/wp-json\/wp\/v2\/media?parent=175"}],"curies":[{"name":"wp","href":"https:\/\/api.w.org\/{rel}","templated":true}]}}